{"id":241,"date":"2013-05-03T12:12:46","date_gmt":"2013-05-03T10:12:46","guid":{"rendered":"https:\/\/uus.iluteenusedparnus.com\/?page_id=241"},"modified":"2013-05-03T12:12:46","modified_gmt":"2013-05-03T10:12:46","slug":"keratiinin-hoito","status":"publish","type":"page","link":"https:\/\/iluteenusedparnus.com\/fi\/kampaaja\/keratiinin-hoito\/","title":{"rendered":"Keratiinin hoito"},"content":{"rendered":"<p>C HI Enviro silottava hoito kerattiinilla!<\/p>\n<p>Kuten nimikin kertoo on kyseess\u00e4 keratiini hoito. Pyyd\u00e4mme teit\u00e4 olemaan \u00a0sekoittamatta kemialliseen suoristamiseen.\u00a0 T\u00e4m\u00e4 hoito hillitsee heikot kiharat ja tekee hiukset sileiksi. Vahvalle kiharalle t\u00e4m\u00e4 hoito ei sovi.<\/p>\n<p>CHI Enviro hoidon j\u00e4lkeen sinun hiukset ovat silkkiset, pehme\u00e4t ja helpommin hoidetavat.<\/p>\n","protected":false},"excerpt":{"rendered":"<p>C HI Enviro silottava hoito kerattiinilla! Kuten nimikin kertoo on kyseess\u00e4 keratiini hoito. Pyyd\u00e4mme teit\u00e4 olemaan \u00a0sekoittamatta kemialliseen suoristamiseen.\u00a0 T\u00e4m\u00e4 hoito hillitsee heikot kiharat ja tekee hiukset sileiksi. Vahvalle kiharalle t\u00e4m\u00e4 hoito ei sovi. CHI Enviro hoidon j\u00e4lkeen sinun hiukset ovat silkkiset, pehme\u00e4t ja helpommin hoidetavat.<\/p>\n","protected":false},"author":6,"featured_media":0,"parent":239,"menu_order":0,"comment_status":"closed","ping_status":"closed","template":"","meta":{"_uag_custom_page_level_css":"","footnotes":""},"class_list":["post-241","page","type-page","status-publish","hentry"],"blocksy_meta":[],"yoast_head":"<!-- This site is optimized with the Yoast SEO plugin v27.5 - https:\/\/yoast.com\/product\/yoast-seo-wordpress\/ -->\n<title>Keratiinin hoito - P\u00e4rnu<\/title>\n<meta name=\"description\" content=\"C HI Enviro silottava hoito kerattiinilla! Kuten nimikin kertoo on kyseess\u00e4 keratiini hoito. Pyyd\u00e4mme teit\u00e4 olemaan sekoittamatta kemialliseen suoristamiseen.\" \/>\n<meta name=\"robots\" content=\"index, follow, max-snippet:-1, max-image-preview:large, max-video-preview:-1\" \/>\n<link rel=\"canonical\" href=\"https:\/\/iluteenusedparnus.com\/fi\/kampaaja\/keratiinin-hoito\/\" \/>\n<meta property=\"og:locale\" content=\"fi_FI\" \/>\n<meta property=\"og:type\" content=\"article\" \/>\n<meta property=\"og:title\" content=\"Keratiinin hoito - P\u00e4rnu\" \/>\n<meta property=\"og:description\" content=\"C HI Enviro silottava hoito kerattiinilla! Kuten nimikin kertoo on kyseess\u00e4 keratiini hoito. Pyyd\u00e4mme teit\u00e4 olemaan sekoittamatta kemialliseen suoristamiseen.\" \/>\n<meta property=\"og:url\" content=\"https:\/\/iluteenusedparnus.com\/fi\/kampaaja\/keratiinin-hoito\/\" \/>\n<meta property=\"og:site_name\" content=\"SPES Ilutuba - Ilusalong P&auml;rnus\" \/>\n<script type=\"application\/ld+json\" class=\"yoast-schema-graph\">{\"@context\":\"https:\\\/\\\/schema.org\",\"@graph\":[{\"@type\":\"WebPage\",\"@id\":\"https:\\\/\\\/iluteenusedparnus.com\\\/fi\\\/kampaaja\\\/keratiinin-hoito\\\/\",\"url\":\"https:\\\/\\\/iluteenusedparnus.com\\\/fi\\\/kampaaja\\\/keratiinin-hoito\\\/\",\"name\":\"Keratiinin hoito - P\u00e4rnu\",\"isPartOf\":{\"@id\":\"https:\\\/\\\/iluteenusedparnus.com\\\/#website\"},\"datePublished\":\"2013-05-03T10:12:46+00:00\",\"description\":\"C HI Enviro silottava hoito kerattiinilla! Kuten nimikin kertoo on kyseess\u00e4 keratiini hoito. Pyyd\u00e4mme teit\u00e4 olemaan sekoittamatta kemialliseen suoristamiseen.\",\"breadcrumb\":{\"@id\":\"https:\\\/\\\/iluteenusedparnus.com\\\/fi\\\/kampaaja\\\/keratiinin-hoito\\\/#breadcrumb\"},\"inLanguage\":\"fi\",\"potentialAction\":[{\"@type\":\"ReadAction\",\"target\":[\"https:\\\/\\\/iluteenusedparnus.com\\\/fi\\\/kampaaja\\\/keratiinin-hoito\\\/\"]}]},{\"@type\":\"BreadcrumbList\",\"@id\":\"https:\\\/\\\/iluteenusedparnus.com\\\/fi\\\/kampaaja\\\/keratiinin-hoito\\\/#breadcrumb\",\"itemListElement\":[{\"@type\":\"ListItem\",\"position\":1,\"name\":\"Home\",\"item\":\"https:\\\/\\\/iluteenusedparnus.com\\\/fi\\\/\"},{\"@type\":\"ListItem\",\"position\":2,\"name\":\"Kampaaja\",\"item\":\"https:\\\/\\\/iluteenusedparnus.com\\\/fi\\\/kampaaja\\\/\"},{\"@type\":\"ListItem\",\"position\":3,\"name\":\"Keratiinin hoito\"}]},{\"@type\":\"WebSite\",\"@id\":\"https:\\\/\\\/iluteenusedparnus.com\\\/#website\",\"url\":\"https:\\\/\\\/iluteenusedparnus.com\\\/\",\"name\":\"SPES Ilutuba - Ilusalong P&auml;rnus\",\"description\":\"Juuksur, kosmeetik ja iluteenused\",\"publisher\":{\"@id\":\"https:\\\/\\\/iluteenusedparnus.com\\\/#organization\"},\"potentialAction\":[{\"@type\":\"SearchAction\",\"target\":{\"@type\":\"EntryPoint\",\"urlTemplate\":\"https:\\\/\\\/iluteenusedparnus.com\\\/?s={search_term_string}\"},\"query-input\":{\"@type\":\"PropertyValueSpecification\",\"valueRequired\":true,\"valueName\":\"search_term_string\"}}],\"inLanguage\":\"fi\"},{\"@type\":\"Organization\",\"@id\":\"https:\\\/\\\/iluteenusedparnus.com\\\/#organization\",\"name\":\"SPES Ilutuba - Ilusalong P&auml;rnus\",\"url\":\"https:\\\/\\\/iluteenusedparnus.com\\\/\",\"logo\":{\"@type\":\"ImageObject\",\"inLanguage\":\"fi\",\"@id\":\"https:\\\/\\\/iluteenusedparnus.com\\\/#\\\/schema\\\/logo\\\/image\\\/\",\"url\":\"https:\\\/\\\/iluteenusedparnus.com\\\/wp-content\\\/uploads\\\/2025\\\/11\\\/logo.svg\",\"contentUrl\":\"https:\\\/\\\/iluteenusedparnus.com\\\/wp-content\\\/uploads\\\/2025\\\/11\\\/logo.svg\",\"width\":265,\"height\":100,\"caption\":\"SPES Ilutuba - Ilusalong P&auml;rnus\"},\"image\":{\"@id\":\"https:\\\/\\\/iluteenusedparnus.com\\\/#\\\/schema\\\/logo\\\/image\\\/\"}}]}<\/script>\n<!-- \/ Yoast SEO plugin. -->","yoast_head_json":{"title":"Keratiinin hoito - P\u00e4rnu","description":"C HI Enviro silottava hoito kerattiinilla! Kuten nimikin kertoo on kyseess\u00e4 keratiini hoito. Pyyd\u00e4mme teit\u00e4 olemaan sekoittamatta kemialliseen suoristamiseen.","robots":{"index":"index","follow":"follow","max-snippet":"max-snippet:-1","max-image-preview":"max-image-preview:large","max-video-preview":"max-video-preview:-1"},"canonical":"https:\/\/iluteenusedparnus.com\/fi\/kampaaja\/keratiinin-hoito\/","og_locale":"fi_FI","og_type":"article","og_title":"Keratiinin hoito - P\u00e4rnu","og_description":"C HI Enviro silottava hoito kerattiinilla! Kuten nimikin kertoo on kyseess\u00e4 keratiini hoito. Pyyd\u00e4mme teit\u00e4 olemaan sekoittamatta kemialliseen suoristamiseen.","og_url":"https:\/\/iluteenusedparnus.com\/fi\/kampaaja\/keratiinin-hoito\/","og_site_name":"SPES Ilutuba - Ilusalong P&auml;rnus","schema":{"@context":"https:\/\/schema.org","@graph":[{"@type":"WebPage","@id":"https:\/\/iluteenusedparnus.com\/fi\/kampaaja\/keratiinin-hoito\/","url":"https:\/\/iluteenusedparnus.com\/fi\/kampaaja\/keratiinin-hoito\/","name":"Keratiinin hoito - P\u00e4rnu","isPartOf":{"@id":"https:\/\/iluteenusedparnus.com\/#website"},"datePublished":"2013-05-03T10:12:46+00:00","description":"C HI Enviro silottava hoito kerattiinilla! Kuten nimikin kertoo on kyseess\u00e4 keratiini hoito. Pyyd\u00e4mme teit\u00e4 olemaan sekoittamatta kemialliseen suoristamiseen.","breadcrumb":{"@id":"https:\/\/iluteenusedparnus.com\/fi\/kampaaja\/keratiinin-hoito\/#breadcrumb"},"inLanguage":"fi","potentialAction":[{"@type":"ReadAction","target":["https:\/\/iluteenusedparnus.com\/fi\/kampaaja\/keratiinin-hoito\/"]}]},{"@type":"BreadcrumbList","@id":"https:\/\/iluteenusedparnus.com\/fi\/kampaaja\/keratiinin-hoito\/#breadcrumb","itemListElement":[{"@type":"ListItem","position":1,"name":"Home","item":"https:\/\/iluteenusedparnus.com\/fi\/"},{"@type":"ListItem","position":2,"name":"Kampaaja","item":"https:\/\/iluteenusedparnus.com\/fi\/kampaaja\/"},{"@type":"ListItem","position":3,"name":"Keratiinin hoito"}]},{"@type":"WebSite","@id":"https:\/\/iluteenusedparnus.com\/#website","url":"https:\/\/iluteenusedparnus.com\/","name":"SPES Ilutuba - Ilusalong P&auml;rnus","description":"Juuksur, kosmeetik ja iluteenused","publisher":{"@id":"https:\/\/iluteenusedparnus.com\/#organization"},"potentialAction":[{"@type":"SearchAction","target":{"@type":"EntryPoint","urlTemplate":"https:\/\/iluteenusedparnus.com\/?s={search_term_string}"},"query-input":{"@type":"PropertyValueSpecification","valueRequired":true,"valueName":"search_term_string"}}],"inLanguage":"fi"},{"@type":"Organization","@id":"https:\/\/iluteenusedparnus.com\/#organization","name":"SPES Ilutuba - Ilusalong P&auml;rnus","url":"https:\/\/iluteenusedparnus.com\/","logo":{"@type":"ImageObject","inLanguage":"fi","@id":"https:\/\/iluteenusedparnus.com\/#\/schema\/logo\/image\/","url":"https:\/\/iluteenusedparnus.com\/wp-content\/uploads\/2025\/11\/logo.svg","contentUrl":"https:\/\/iluteenusedparnus.com\/wp-content\/uploads\/2025\/11\/logo.svg","width":265,"height":100,"caption":"SPES Ilutuba - Ilusalong P&auml;rnus"},"image":{"@id":"https:\/\/iluteenusedparnus.com\/#\/schema\/logo\/image\/"}}]}},"uagb_featured_image_src":{"full":false,"thumbnail":false,"medium":false,"medium_large":false,"large":false,"1536x1536":false,"2048x2048":false},"uagb_author_info":{"display_name":"Janek","author_link":"https:\/\/iluteenusedparnus.com\/fi\/author\/janek\/"},"uagb_comment_info":0,"uagb_excerpt":"C HI Enviro silottava hoito kerattiinilla! Kuten nimikin kertoo on kyseess\u00e4 keratiini hoito. Pyyd\u00e4mme teit\u00e4 olemaan \u00a0sekoittamatta kemialliseen suoristamiseen.\u00a0 T\u00e4m\u00e4 hoito hillitsee heikot kiharat ja tekee hiukset sileiksi. Vahvalle kiharalle t\u00e4m\u00e4 hoito ei sovi. CHI Enviro hoidon j\u00e4lkeen sinun hiukset ovat silkkiset, pehme\u00e4t ja helpommin hoidetavat.","_links":{"self":[{"href":"https:\/\/iluteenusedparnus.com\/fi\/wp-json\/wp\/v2\/pages\/241","targetHints":{"allow":["GET"]}}],"collection":[{"href":"https:\/\/iluteenusedparnus.com\/fi\/wp-json\/wp\/v2\/pages"}],"about":[{"href":"https:\/\/iluteenusedparnus.com\/fi\/wp-json\/wp\/v2\/types\/page"}],"author":[{"embeddable":true,"href":"https:\/\/iluteenusedparnus.com\/fi\/wp-json\/wp\/v2\/users\/6"}],"replies":[{"embeddable":true,"href":"https:\/\/iluteenusedparnus.com\/fi\/wp-json\/wp\/v2\/comments?post=241"}],"version-history":[{"count":2,"href":"https:\/\/iluteenusedparnus.com\/fi\/wp-json\/wp\/v2\/pages\/241\/revisions"}],"predecessor-version":[{"id":778,"href":"https:\/\/iluteenusedparnus.com\/fi\/wp-json\/wp\/v2\/pages\/241\/revisions\/778"}],"up":[{"embeddable":true,"href":"https:\/\/iluteenusedparnus.com\/fi\/wp-json\/wp\/v2\/pages\/239"}],"wp:attachment":[{"href":"https:\/\/iluteenusedparnus.com\/fi\/wp-json\/wp\/v2\/media?parent=241"}],"curies":[{"name":"wp","href":"https:\/\/api.w.org\/{rel}","templated":true}]}}