{"id":237,"date":"2013-05-03T12:09:44","date_gmt":"2013-05-03T10:09:44","guid":{"rendered":"https:\/\/uus.iluteenusedparnus.com\/?page_id=237"},"modified":"2021-03-24T09:08:14","modified_gmt":"2021-03-24T07:08:14","slug":"kasvohoidot","status":"publish","type":"page","link":"https:\/\/iluteenusedparnus.com\/fi\/kasvohoidot\/","title":{"rendered":"Kasvohoidot \/ Vartalohoidot"},"content":{"rendered":"<p><img decoding=\"async\" class=\"aligncenter size-full wp-image-426\" src=\"https:\/\/iluteenusedparnus.com\/wp-content\/uploads\/2014\/09\/babor1.jpg\" alt=\"N\u00e4o- ja kehahooldus BABOR toodetega\" width=\"800\" height=\"466\" srcset=\"https:\/\/iluteenusedparnus.com\/wp-content\/uploads\/2014\/09\/babor1.jpg 800w, https:\/\/iluteenusedparnus.com\/wp-content\/uploads\/2014\/09\/babor1-300x175.jpg 300w, https:\/\/iluteenusedparnus.com\/wp-content\/uploads\/2014\/09\/babor1-705x411.jpg 705w, https:\/\/iluteenusedparnus.com\/wp-content\/uploads\/2014\/09\/babor1-450x262.jpg 450w\" sizes=\"(max-width: 800px) 100vw, 800px\" \/><\/p>\n<p>Tutustu uudenlaiseen kauneuskonseptiin, jossa yhdistyv\u00e4t ammattimaisuus, tae luonnollisuudesta, nautinnollisuus ja vahva sitoutuminen ymp\u00e4rist\u00f6n kunnioittamiseen. Hoidoissa otetaan huomioon ihosi tarpeet ja jokainen hoito r\u00e4\u00e4t\u00e4l\u00f6id\u00e4\u00e4n juuri sinulle sopivaksi.<\/p>\n<p>Hoitolamme tarjoaa monipuolisia kosmetologi-hoitoja sek\u00e4 naisille ett\u00e4 miehille.<\/p>\n<h3>Kasvon-,kaulan-ja decolletee alueen hieronta<\/h3>\n<p><strong>Klassinen kasvohoito ihotyypin mukaisesti <\/strong>(Kasvohoitomme suunnitellaan t\u00e4ysin ihosi kunnon ja toiveittesi mukaan)<\/p>\n<p><strong>Kasvohoito stressi\u00e4vastaan \u2013<\/strong>sis. porkkana ja piparminttu naamio<\/p>\n<h3>BABOR kasvohoidot ihotyypin mukaisesti 60 min<\/h3>\n<p>Perinteinen ihohoito kasvojen ihotyypist\u00e4 riippuen ja k\u00e4ytt\u00e4en sopivia BABOR-tuotteita, jotka sopeutuvat ihon tarpeisiin t\u00e4ydellisesti. Hoito kuivalle iholle, herk\u00e4lle iholle, yhdistelm\u00e4-\/sekatyypin iholle ja vaativalle iholle.<\/p>\n<p>BABORin suurenmoiset hoidot takaavat t\u00e4yden rentoutuksen ja t\u00e4ydellisen kauneuden sek\u00e4 tarjoavat ainutlaatuisen el\u00e4myksen \u2013 kaksinkertaisella hemmottelevalla vaikutuksella. T\u00e4\u00e4ll\u00e4 olette huomion keskipisteess\u00e4 Te! T\u00e4\u00e4ll\u00e4 Teill\u00e4 on mahdollisuus heng\u00e4ht\u00e4\u00e4, vapautua j\u00e4nnityksist\u00e4, ammentaa uutta energiaa ja samalla kokea, miten tehokkaat vaikuttavat aineet ja tehokas dekolteen, hartioiden ja kasvojen hieronta hemmottelee ja hoitaa Teid\u00e4n ihoanne, muuttaa sen nuoremmaksi ja hohtavammaksi.<\/p>\n<p>Hoito sis\u00e4lt\u00e4\u00e4: pintapuhdistus, entsyymeill\u00e4 kuorinta, k\u00e4sien hieronta, dekolteen, hartioiden ja kasvojen hieronta, intensiiviseerumi eli fluidi ihon tarpeita vastaavasti, naamio ja viimeistely loppuvoiteella.<\/p>\n<ul>\n<li>kasvojen ihon pintapuhdistus,<\/li>\n<li>entsyymikuorijalla kuorinta (puhdistaa tehokkaasti kuolleet ihosolut; sopii erityisesti niille, joilla on herkk\u00e4, kuiva, arka iho tai n\u00e4ppyj\u00e4),<\/li>\n<li>hieronta<\/li>\n<li>intensiiviseerumi eli fluidi<\/li>\n<li>naamio<\/li>\n<li>viimeistely loppuvoiteella<\/li>\n<\/ul>\n<p>Lis\u00e4tietoa: kaikkiin kasvojen ihohoitoihin on mahdollista ostaa lis\u00e4ksi fluideja, jotta hoidon vaikutus tehostuisi viel\u00e4 lis\u00e4\u00e4. Hoidon aikana ihoon voi toiveesta riippuen imeyty\u00e4 jopa viisi ampullia (2 ml) ja yhden ampullin hinta on 5 \u20ac<\/p>\n<h3>BABOR Rentouttava kasvohoito miehille 60 min<\/h3>\n<p>Hyvinhoidettu ulkon\u00e4k\u00f6 on nykyp\u00e4iv\u00e4n maailmassa muuttumassa yh\u00e4 t\u00e4rke\u00e4mm\u00e4ksi. Ensivaikutelma j\u00e4\u00e4 pysym\u00e4\u00e4n. Olkoon se siis vakuuttava, vaikuttava ja itsevarma.<\/p>\n<p>Hoito sis\u00e4lt\u00e4\u00e4: kasvojen ihon puhdistamisen ja kuorinnan, k\u00e4sien hieronnan, dekolteen, hartioiden ja kasvojen hieronnan, kosteuttavan naamion ja viimeistelyn\u00e4 energiaa antava ik\u00e4\u00e4ntymisen vastainen geelivoide. Hoidossa k\u00e4ytet\u00e4\u00e4n erityist\u00e4 BABOR-hoitosarjaa miehille, joka on alas\u00e4vylt\u00e4\u00e4n raikas ja tuoksultaan hienostunut.<\/p>\n<p>Paras lahja itselle tai kaikkein rakkaimmalle!<\/p>\n<h2>BABOR-ERIKOISHOIDOT<\/h2>\n<hr \/>\n<h3>BABOR Triple Boost hohdetta antava hoito 90 min<\/h3>\n<p>Hohtoa antava hoito jokaiselle iholle, joka tarvitsee raikastusta ja uudistamista. Tuloksena on sile\u00e4 kosteutettu iho, huokoset ovat heikommin havaittavissa ja ihons\u00e4vy on yhten\u00e4isempi. Auttaa ihoa palauttamaan t\u00e4rkeimm\u00e4t toiminnot \u2013 suojata, hengitt\u00e4\u00e4 ja uusiutua. Hoidossa k\u00e4ytett\u00e4v\u00e4 BABOR Triple Booster fluid on ik\u00e4\u00e4ntymisen vastainen seerumi, joka sopii kaikille ihotyypeille ja on ihosoluja uudistava. Seerumi v\u00e4hent\u00e4\u00e4 ihon karheutta, supistaa huokosia ja suojaa ihoa kuivuudelta.<\/p>\n<p>Hoito sis\u00e4lt\u00e4\u00e4: puhdistamisen, kuorinnan, intensiivikontsentraatin, naamion, k\u00e4sien hieronnan runsaasti kosteuttavalla BABOR Body Shape -k\u00e4sinaamiolla, dekolteen, hartioiden ja kasvojen hieronnan.<\/p>\n<p>Parasta lepoa ja aikaa omalle itselle \u2013 hoidon j\u00e4lkeen tunnette itsenne uudeksi ihmiseksi!<\/p>\n<h3>BABOR Lift Express -kasvohoito 60 min<\/h3>\n<p>Kasvojen ilmeet tekev\u00e4t meist\u00e4 ainutlaatuisia. Niist\u00e4 j\u00e4\u00e4 kuitenkin omat j\u00e4lkens\u00e4, sill\u00e4 jokainen nauru, silm\u00e4n r\u00e4pytt\u00e4minen ja kulmien rypist\u00e4minen aiheuttaa ajan mittaan ihoon mikroj\u00e4nnityksi\u00e4. T\u00e4m\u00e4n tuloksena aiheutuu mimiikan ryppyj\u00e4.<\/p>\n<p>Lift Express -hoito vaikuttaa ihoon monella tapaa: vaikuttavat aineet varmistavat ihon kimmoisuuden ja lis\u00e4\u00e4v\u00e4t ihon elastisuutta, orgaaninen silikoni yhten\u00e4ist\u00e4\u00e4 sidekudoksen rakennetta muuttaen ihon sile\u00e4ksi ja kir\u00e4eksi. Hoito rentouttaa ihon mikroj\u00e4nnityksi\u00e4, kirist\u00e4\u00e4 ihoa, yhten\u00e4ist\u00e4\u00e4 sidekudosta ja tasoittaa huomattavasti ohuempia uurteita ja pieni\u00e4 ryppyj\u00e4.<\/p>\n<p>Hoito sis\u00e4lt\u00e4\u00e4: puhdistuksen, kuorinnan, Lift Express kirist\u00e4v\u00e4n intensiivikonsentraatin, naamion, k\u00e4sien hieronnan runsaasti kosteuttavalla BABOR Body Shape -k\u00e4sinaamiolla, dekolteen, hartioiden ja kasvohieronnan.<\/p>\n<p>Hoidon j\u00e4lkeen tunnette itsenne lev\u00e4nneeksi ja raikkaaksi!<\/p>\n<h3>BABOR AHA kuoriva ja ihoa uudistava hoito 60 min<\/h3>\n<p>Suurenmoisesti vaikuttava ihoa uudistava Doctor Babor -hoito, joka kuorii ihon pintaa yhten\u00e4isesti ja intensiivisesti, mutta ei aiheuta ihon \u00e4rsytyst\u00e4.<\/p>\n<p>Hoidon aikana iho puhdistetaan perusteellisesti, sille levitet\u00e4\u00e4n syv\u00e4puhdistava naamio ja sen j\u00e4lkeen hedelm\u00e4happonaamio. Ihon p\u00e4\u00e4llimm\u00e4inen kuolleiden solujen kerros poistetaan tehokkaasti mutta hell\u00e4varaisesti. Tuloksena on kaunis, nuorekas iho. Pigmenttil\u00e4isk\u00e4t ja ryppyjen syvyys v\u00e4henev\u00e4t.<\/p>\n<p>Suurenmoinen ihoa uudistava ja nuorentava Babor-kasvohoito!<\/p>\n<h3>BABOR ultra\u00e4\u00e4nikasvohoito 60 min<\/h3>\n<p>Kasvojen ihon puhdistus ultra\u00e4\u00e4nilaitteella, joka mahdollistaa ihon puhdistamisen liasta, ihorasvasta, kuolleista ihosoluista, ihomadoista. Ultra\u00e4\u00e4ni aktivoi kuntoutusprosesseja, edist\u00e4\u00e4 kollageenin ja elastiinin synty\u00e4. T\u00e4llainen puhdistus ja kivuton ja se ei j\u00e4t\u00e4 iholle j\u00e4lki\u00e4 tai turvotuksia.<\/p>\n<p>Jo ensimm\u00e4isen hoitokerran j\u00e4lkeen huomattava huokosten supistuminen ja ihon rasvaisuuden v\u00e4hentyminen. Ultra\u00e4\u00e4nell\u00e4 saatava mikrov\u00e4rin\u00e4 tekee iholle mikrohierontaa, jonka aikana solutason toiminta, immuniteetti, aineenvaihdunta aktivoituvat ja kudosten uusiutuminen vahvistuu.<\/p>\n<p>Ultra\u00e4\u00e4nikasvopuhdistus on ihanteellinen niille, joilla on v\u00e4synyt iho ja harmahtava ihons\u00e4vy.<\/p>\n<p>Hoito sopii my\u00f6s aknen hoitoon, stressaantuneen ja ik\u00e4\u00e4ntyv\u00e4n ihon virkist\u00e4miseen ja herk\u00e4n ihon hoitoon.<\/p>\n<p>Ultra\u00e4\u00e4nikasvohoidossa k\u00e4ytet\u00e4\u00e4n Doctor Babor -hoitosarjaan kuuluvia tuotteita ja se koostuu seuraavista vaiheista:<\/p>\n<ul>\n<li>ihon pintapuhdistus,<\/li>\n<li>entsyymikuorinta ja kuoriva naamio,<\/li>\n<li>ultra\u00e4\u00e4nipuhdistus,<\/li>\n<li>mikrohieronta kosteuttavalla ja rauhoittavalla geelill\u00e4,<\/li>\n<li>naamio ja voide<\/li>\n<\/ul>\n<p><strong>Ultra\u00e4\u00e4nikasvopuhdistuksen tuloksena:<\/strong><\/p>\n<ul>\n<li>iho muuttuu sile\u00e4mm\u00e4ksi<\/li>\n<li>iho uudistuu nopeammin<\/li>\n<li>uusien ihosolujen tuotanto ja ihon aineenvaihduntaprosessi nopeutuvat<\/li>\n<li>iho muuttuu joustavammaksi ja sen s\u00e4vy paranee<\/li>\n<li>rypyt tasoittuvat ja ihon ep\u00e4tasaisuudet v\u00e4henev\u00e4t<\/li>\n<li>pigmenttil\u00e4isk\u00e4t v\u00e4henev\u00e4t<\/li>\n<li>visuaalisesti on n\u00e4ht\u00e4viss\u00e4, ett\u00e4 iho on nuorempi ja raikkaampi<\/li>\n<li>ultra\u00e4\u00e4nell\u00e4 on tulehdustenvastainen vaikutus<\/li>\n<li>ultra\u00e4\u00e4ni auttaa v\u00e4hent\u00e4m\u00e4\u00e4n turvotusta, koska sill\u00e4 on j\u00e4\u00e4hdytt\u00e4v\u00e4 vaikutus<\/li>\n<li>ihon veren- ja lymfakierto paranevat, ja siten ihon suojakerros vahvistuu<\/li>\n<li>kotihoitotuotteiden vaikutus paranee, sill\u00e4 iho on niille alttiimpi<\/li>\n<li>Hoito kest\u00e4\u00e4 1\u20131,5 tuntia ja sen voi tehd\u00e4 kertahoitona kerran kuukaudessa tai isompien ongelmien yhteydess\u00e4 5\u201310 hoidon kuurina.<\/li>\n<\/ul>\n<p>HUOM! Ultra\u00e4\u00e4nikasvohoito ei sovi syd\u00e4nsairaille<\/p>\n<p><img decoding=\"async\" class=\"aligncenter size-full wp-image-336\" src=\"https:\/\/iluteenusedparnus.com\/wp-content\/uploads\/2013\/05\/babor.jpg\" alt=\"BABOR ultra\u00e4\u00e4nikasvohoito\" width=\"551\" height=\"221\" srcset=\"https:\/\/iluteenusedparnus.com\/wp-content\/uploads\/2013\/05\/babor.jpg 551w, https:\/\/iluteenusedparnus.com\/wp-content\/uploads\/2013\/05\/babor-300x120.jpg 300w\" sizes=\"(max-width: 551px) 100vw, 551px\" \/><\/p>\n<p>Fluidit ovat kaikkein tehokkaimpia kosmeettisia tuotteita. Se tarkoittaa, ett\u00e4 tulos on nopeimmin saavutettavissa. Siten, jos tunnet, ett\u00e4 tarvitset jonkinlaista nopeaa virkistyst\u00e4, valitse itsellesi sopivavaikutteiset kauneusseerumit, ne on pakattu seitsem\u00e4n kappaleen pakkauksiin.<\/p>\n<p>K\u00e4yt\u00e4 Fluideja aina kuurina, ts. esimerkiksi 7 p\u00e4iv\u00e4n ajan ja saavutat luvatun tuloksen. Niit\u00e4 ei ole tarkoitettu k\u00e4ytett\u00e4v\u00e4ksi &#8221;miten sattuu&#8221;, vaan per\u00e4kk\u00e4in tietyn p\u00e4ivien m\u00e4\u00e4r\u00e4n ajan.<\/p>\n<p>K\u00e4yt\u00e4 Fluideja aina ennen voiteen k\u00e4ytt\u00f6\u00e4, koska voide sulkee ihon huokoset ja silloin fluidi ei p\u00e4\u00e4se ihoon. P\u00e4\u00e4s\u00e4\u00e4nt\u00f6isesti k\u00e4yt\u00e4 iltaisin, mutta jos haluat saavuttaa monta eri tulosta, k\u00e4yt\u00e4 toisia fluideja aamuisin ja toisia iltaisin.<\/p>\n<h2>VARTALOHOIDOT<\/h2>\n<hr \/>\n<h3>Vartalon kuorinta ja voitelu rentouttavan hieronnan kera 60 min<\/h3>\n<ul>\n<li>koko vartalon kuorinta \u2013 Babor Body Shape Lifting -kuorivalla voiteella, joka sis\u00e4lt\u00e4\u00e4 laavan rakeita. Poistaa tehokkaasti p\u00e4\u00e4llimm\u00e4iset kuolleet ihosolut ja stimuloi hell\u00e4varaisesti ihon uusiutumista. Tuloksena on silkkim\u00e4isen sile\u00e4 iho.<\/li>\n<li>voiteleminen \u2013 Babor Body Shape A-,C- ja E-vitamiinia sis\u00e4lt\u00e4v\u00e4ll\u00e4 voiteella. T\u00e4m\u00e4 on koostumukseltaan runsas vartalovoide, joka sis\u00e4lt\u00e4\u00e4 Aachenin l\u00e4hdevett\u00e4 ja lev\u00e4uutteita. Sopii ihanteellisesti hyvin kuivalle iholle ja erityisesti syystalviseen aikaan. Tuotteen sis\u00e4lt\u00e4m\u00e4t vitamiinit palauttavat ihon luonnollisen tasapainon ja elastisuuden. Suojaa vahingollisilta ja stressi\u00e4 aiheuttavilta ymp\u00e4rist\u00f6vaikutuksilta. Suurenmoinen tuote, jota voi k\u00e4ytt\u00e4\u00e4 auringonoton j\u00e4lkeen v\u00e4hent\u00e4m\u00e4\u00e4n UV-s\u00e4teiden vahingollista vaikutusta.<\/li>\n<li>voide levitet\u00e4\u00e4n iholle rentouttavin ja hierovin liikkein<\/li>\n<\/ul>\n<h3>Stop Cellulite wrap \u2013selluliitinvastainen k\u00e4\u00e4re 60 min<\/h3>\n<p>Tehokas selluliittihoito, joka stimuloi intensiivisesti kuona-aineiden poistamista kehosta. Reidet, pakarat ja vatsa k\u00e4\u00e4rit\u00e4\u00e4n aktiivikonsentraatissa liotettuihin siteisiin, jotka edist\u00e4v\u00e4t vaikuttavien aineiden imeytymist\u00e4 ihoon. Hoito aktivoi rasvanpolttoprosessia ja est\u00e4\u00e4 uusien rasvakertymien synty\u00e4. Hoito parantaa my\u00f6s sidekudoksen rakennetta kirist\u00e4m\u00e4ll\u00e4 ihoa sis\u00e4lt\u00e4 p\u00e4in. Hoidon aikana voi tuntea kuumotusta aiheuttavaa kuuman- ja kylm\u00e4ntunteen vaihtelemista. Kihelm\u00f6inti\u00e4 voi olla alueilla, joilla aineenvaihdunta on estynytt\u00e4. Tuloksena on v\u00e4hentynyt selluliitti ja silminn\u00e4hden sile\u00e4mm\u00e4t ja kimmoisat reidet!<\/p>\n<p>Hoito aloitetaan ihon kuorinnalla kuorivalla BABOR Body Shape -voiteella, jotta kuolleet ihosolut poistettaisiin ja vaikuttavat aineet voisivat paremmin imeyty\u00e4 ihoon. Vartalon kuorinta tehd\u00e4\u00e4n selluliittihierontaliikkein. Kuorinnan j\u00e4lkeen jalat, pakarat ja vatsa k\u00e4\u00e4rit\u00e4\u00e4n esil\u00e4mmitettyyn k\u00e4\u00e4reeseen 15-20 minuutiksi.<\/p>\n<h3>BABOR SPA Stop Cellulite wrap yhdess\u00e4 kasvohoidon kera 90 min<\/h3>\n<p>Hoito aloitetaan koko vartalon kuorinnalla kuorivalla BABOR Body Shape -voiteella, jotta kuolleet ihosolut poistetaan ja vaikuttavat aineet voisivat imeyty\u00e4 ihoon paremmin. Vartalon kuorinta suoritetaan selluliittihieronnan ottein. Kuorinnan j\u00e4lkeen jalat, pakarat ja vatsa k\u00e4\u00e4rit\u00e4\u00e4n esil\u00e4mmitettyyn k\u00e4\u00e4reeseen 15-20 minuutiksi. Sin\u00e4 aikana kun k\u00e4\u00e4re on p\u00e4\u00e4ll\u00e4, suoritetaan kasvohoito. Kasvohoito sis\u00e4lt\u00e4\u00e4 puhdistuksen, kuorinnan, naamion ja viimeistelyn loppuvoiteella.<\/p>\n<p>Suurenmoinen lahjaidea!<\/p>\n","protected":false},"excerpt":{"rendered":"<p>Tutustu uudenlaiseen kauneuskonseptiin, jossa yhdistyv\u00e4t ammattimaisuus, tae luonnollisuudesta, nautinnollisuus ja vahva sitoutuminen ymp\u00e4rist\u00f6n kunnioittamiseen. Hoidoissa otetaan huomioon ihosi tarpeet ja jokainen hoito r\u00e4\u00e4t\u00e4l\u00f6id\u00e4\u00e4n juuri sinulle sopivaksi. Hoitolamme tarjoaa monipuolisia kosmetologi-hoitoja sek\u00e4 naisille ett\u00e4 miehille. Kasvon-,kaulan-ja decolletee alueen hieronta Klassinen kasvohoito ihotyypin mukaisesti (Kasvohoitomme suunnitellaan t\u00e4ysin ihosi kunnon ja toiveittesi mukaan) Kasvohoito stressi\u00e4vastaan \u2013sis. porkkana ja [&hellip;]<\/p>\n","protected":false},"author":6,"featured_media":0,"parent":0,"menu_order":0,"comment_status":"closed","ping_status":"closed","template":"","meta":{"_uag_custom_page_level_css":"","footnotes":""},"class_list":["post-237","page","type-page","status-publish","hentry"],"blocksy_meta":[],"yoast_head":"<!-- This site is optimized with the Yoast SEO plugin v27.5 - https:\/\/yoast.com\/product\/yoast-seo-wordpress\/ -->\n<title>Kasvohoidot ja Vartalohoidot- P\u00e4rnu<\/title>\n<meta name=\"description\" content=\"Kasvohoidot toteutetaan asiakasl\u00e4ht\u00f6isesti ihosi vaatimukset huomioon ottaen Annemarie B\u00f6rlind-ihonhoitosarjalla.\" \/>\n<meta name=\"robots\" content=\"index, follow, max-snippet:-1, max-image-preview:large, max-video-preview:-1\" \/>\n<link rel=\"canonical\" href=\"https:\/\/iluteenusedparnus.com\/fi\/kasvohoidot\/\" \/>\n<meta property=\"og:locale\" content=\"fi_FI\" \/>\n<meta property=\"og:type\" content=\"article\" \/>\n<meta property=\"og:title\" content=\"Kasvohoidot ja Vartalohoidot- P\u00e4rnu\" \/>\n<meta property=\"og:description\" content=\"Kasvohoidot toteutetaan asiakasl\u00e4ht\u00f6isesti ihosi vaatimukset huomioon ottaen Annemarie B\u00f6rlind-ihonhoitosarjalla.\" \/>\n<meta property=\"og:url\" content=\"https:\/\/iluteenusedparnus.com\/fi\/kasvohoidot\/\" \/>\n<meta property=\"og:site_name\" content=\"SPES Ilutuba - Ilusalong P&auml;rnus\" \/>\n<meta property=\"article:modified_time\" content=\"2021-03-24T07:08:14+00:00\" \/>\n<meta property=\"og:image\" content=\"https:\/\/iluteenusedparnus.com\/wp-content\/uploads\/2014\/09\/babor1.jpg\" \/>\n<meta name=\"twitter:label1\" content=\"Arvioitu lukuaika\" \/>\n\t<meta name=\"twitter:data1\" content=\"6 minuuttia\" \/>\n<script type=\"application\/ld+json\" class=\"yoast-schema-graph\">{\"@context\":\"https:\\\/\\\/schema.org\",\"@graph\":[{\"@type\":\"WebPage\",\"@id\":\"https:\\\/\\\/iluteenusedparnus.com\\\/fi\\\/kasvohoidot\\\/\",\"url\":\"https:\\\/\\\/iluteenusedparnus.com\\\/fi\\\/kasvohoidot\\\/\",\"name\":\"Kasvohoidot ja Vartalohoidot- P\u00e4rnu\",\"isPartOf\":{\"@id\":\"https:\\\/\\\/iluteenusedparnus.com\\\/#website\"},\"primaryImageOfPage\":{\"@id\":\"https:\\\/\\\/iluteenusedparnus.com\\\/fi\\\/kasvohoidot\\\/#primaryimage\"},\"image\":{\"@id\":\"https:\\\/\\\/iluteenusedparnus.com\\\/fi\\\/kasvohoidot\\\/#primaryimage\"},\"thumbnailUrl\":\"https:\\\/\\\/iluteenusedparnus.com\\\/wp-content\\\/uploads\\\/2014\\\/09\\\/babor1.jpg\",\"datePublished\":\"2013-05-03T10:09:44+00:00\",\"dateModified\":\"2021-03-24T07:08:14+00:00\",\"description\":\"Kasvohoidot toteutetaan asiakasl\u00e4ht\u00f6isesti ihosi vaatimukset huomioon ottaen Annemarie B\u00f6rlind-ihonhoitosarjalla.\",\"breadcrumb\":{\"@id\":\"https:\\\/\\\/iluteenusedparnus.com\\\/fi\\\/kasvohoidot\\\/#breadcrumb\"},\"inLanguage\":\"fi\",\"potentialAction\":[{\"@type\":\"ReadAction\",\"target\":[\"https:\\\/\\\/iluteenusedparnus.com\\\/fi\\\/kasvohoidot\\\/\"]}]},{\"@type\":\"ImageObject\",\"inLanguage\":\"fi\",\"@id\":\"https:\\\/\\\/iluteenusedparnus.com\\\/fi\\\/kasvohoidot\\\/#primaryimage\",\"url\":\"https:\\\/\\\/iluteenusedparnus.com\\\/wp-content\\\/uploads\\\/2014\\\/09\\\/babor1.jpg\",\"contentUrl\":\"https:\\\/\\\/iluteenusedparnus.com\\\/wp-content\\\/uploads\\\/2014\\\/09\\\/babor1.jpg\"},{\"@type\":\"BreadcrumbList\",\"@id\":\"https:\\\/\\\/iluteenusedparnus.com\\\/fi\\\/kasvohoidot\\\/#breadcrumb\",\"itemListElement\":[{\"@type\":\"ListItem\",\"position\":1,\"name\":\"Home\",\"item\":\"https:\\\/\\\/iluteenusedparnus.com\\\/fi\\\/\"},{\"@type\":\"ListItem\",\"position\":2,\"name\":\"Kasvohoidot \\\/ Vartalohoidot\"}]},{\"@type\":\"WebSite\",\"@id\":\"https:\\\/\\\/iluteenusedparnus.com\\\/#website\",\"url\":\"https:\\\/\\\/iluteenusedparnus.com\\\/\",\"name\":\"SPES Ilutuba - Ilusalong P&auml;rnus\",\"description\":\"Juuksur, kosmeetik ja iluteenused\",\"publisher\":{\"@id\":\"https:\\\/\\\/iluteenusedparnus.com\\\/#organization\"},\"potentialAction\":[{\"@type\":\"SearchAction\",\"target\":{\"@type\":\"EntryPoint\",\"urlTemplate\":\"https:\\\/\\\/iluteenusedparnus.com\\\/?s={search_term_string}\"},\"query-input\":{\"@type\":\"PropertyValueSpecification\",\"valueRequired\":true,\"valueName\":\"search_term_string\"}}],\"inLanguage\":\"fi\"},{\"@type\":\"Organization\",\"@id\":\"https:\\\/\\\/iluteenusedparnus.com\\\/#organization\",\"name\":\"SPES Ilutuba - Ilusalong P&auml;rnus\",\"url\":\"https:\\\/\\\/iluteenusedparnus.com\\\/\",\"logo\":{\"@type\":\"ImageObject\",\"inLanguage\":\"fi\",\"@id\":\"https:\\\/\\\/iluteenusedparnus.com\\\/#\\\/schema\\\/logo\\\/image\\\/\",\"url\":\"https:\\\/\\\/iluteenusedparnus.com\\\/wp-content\\\/uploads\\\/2025\\\/11\\\/logo.svg\",\"contentUrl\":\"https:\\\/\\\/iluteenusedparnus.com\\\/wp-content\\\/uploads\\\/2025\\\/11\\\/logo.svg\",\"width\":265,\"height\":100,\"caption\":\"SPES Ilutuba - Ilusalong P&auml;rnus\"},\"image\":{\"@id\":\"https:\\\/\\\/iluteenusedparnus.com\\\/#\\\/schema\\\/logo\\\/image\\\/\"}}]}<\/script>\n<!-- \/ Yoast SEO plugin. -->","yoast_head_json":{"title":"Kasvohoidot ja Vartalohoidot- P\u00e4rnu","description":"Kasvohoidot toteutetaan asiakasl\u00e4ht\u00f6isesti ihosi vaatimukset huomioon ottaen Annemarie B\u00f6rlind-ihonhoitosarjalla.","robots":{"index":"index","follow":"follow","max-snippet":"max-snippet:-1","max-image-preview":"max-image-preview:large","max-video-preview":"max-video-preview:-1"},"canonical":"https:\/\/iluteenusedparnus.com\/fi\/kasvohoidot\/","og_locale":"fi_FI","og_type":"article","og_title":"Kasvohoidot ja Vartalohoidot- P\u00e4rnu","og_description":"Kasvohoidot toteutetaan asiakasl\u00e4ht\u00f6isesti ihosi vaatimukset huomioon ottaen Annemarie B\u00f6rlind-ihonhoitosarjalla.","og_url":"https:\/\/iluteenusedparnus.com\/fi\/kasvohoidot\/","og_site_name":"SPES Ilutuba - Ilusalong P&auml;rnus","article_modified_time":"2021-03-24T07:08:14+00:00","og_image":[{"url":"https:\/\/iluteenusedparnus.com\/wp-content\/uploads\/2014\/09\/babor1.jpg","type":"","width":"","height":""}],"twitter_misc":{"Arvioitu lukuaika":"6 minuuttia"},"schema":{"@context":"https:\/\/schema.org","@graph":[{"@type":"WebPage","@id":"https:\/\/iluteenusedparnus.com\/fi\/kasvohoidot\/","url":"https:\/\/iluteenusedparnus.com\/fi\/kasvohoidot\/","name":"Kasvohoidot ja Vartalohoidot- P\u00e4rnu","isPartOf":{"@id":"https:\/\/iluteenusedparnus.com\/#website"},"primaryImageOfPage":{"@id":"https:\/\/iluteenusedparnus.com\/fi\/kasvohoidot\/#primaryimage"},"image":{"@id":"https:\/\/iluteenusedparnus.com\/fi\/kasvohoidot\/#primaryimage"},"thumbnailUrl":"https:\/\/iluteenusedparnus.com\/wp-content\/uploads\/2014\/09\/babor1.jpg","datePublished":"2013-05-03T10:09:44+00:00","dateModified":"2021-03-24T07:08:14+00:00","description":"Kasvohoidot toteutetaan asiakasl\u00e4ht\u00f6isesti ihosi vaatimukset huomioon ottaen Annemarie B\u00f6rlind-ihonhoitosarjalla.","breadcrumb":{"@id":"https:\/\/iluteenusedparnus.com\/fi\/kasvohoidot\/#breadcrumb"},"inLanguage":"fi","potentialAction":[{"@type":"ReadAction","target":["https:\/\/iluteenusedparnus.com\/fi\/kasvohoidot\/"]}]},{"@type":"ImageObject","inLanguage":"fi","@id":"https:\/\/iluteenusedparnus.com\/fi\/kasvohoidot\/#primaryimage","url":"https:\/\/iluteenusedparnus.com\/wp-content\/uploads\/2014\/09\/babor1.jpg","contentUrl":"https:\/\/iluteenusedparnus.com\/wp-content\/uploads\/2014\/09\/babor1.jpg"},{"@type":"BreadcrumbList","@id":"https:\/\/iluteenusedparnus.com\/fi\/kasvohoidot\/#breadcrumb","itemListElement":[{"@type":"ListItem","position":1,"name":"Home","item":"https:\/\/iluteenusedparnus.com\/fi\/"},{"@type":"ListItem","position":2,"name":"Kasvohoidot \/ Vartalohoidot"}]},{"@type":"WebSite","@id":"https:\/\/iluteenusedparnus.com\/#website","url":"https:\/\/iluteenusedparnus.com\/","name":"SPES Ilutuba - Ilusalong P&auml;rnus","description":"Juuksur, kosmeetik ja iluteenused","publisher":{"@id":"https:\/\/iluteenusedparnus.com\/#organization"},"potentialAction":[{"@type":"SearchAction","target":{"@type":"EntryPoint","urlTemplate":"https:\/\/iluteenusedparnus.com\/?s={search_term_string}"},"query-input":{"@type":"PropertyValueSpecification","valueRequired":true,"valueName":"search_term_string"}}],"inLanguage":"fi"},{"@type":"Organization","@id":"https:\/\/iluteenusedparnus.com\/#organization","name":"SPES Ilutuba - Ilusalong P&auml;rnus","url":"https:\/\/iluteenusedparnus.com\/","logo":{"@type":"ImageObject","inLanguage":"fi","@id":"https:\/\/iluteenusedparnus.com\/#\/schema\/logo\/image\/","url":"https:\/\/iluteenusedparnus.com\/wp-content\/uploads\/2025\/11\/logo.svg","contentUrl":"https:\/\/iluteenusedparnus.com\/wp-content\/uploads\/2025\/11\/logo.svg","width":265,"height":100,"caption":"SPES Ilutuba - Ilusalong P&auml;rnus"},"image":{"@id":"https:\/\/iluteenusedparnus.com\/#\/schema\/logo\/image\/"}}]}},"uagb_featured_image_src":{"full":false,"thumbnail":false,"medium":false,"medium_large":false,"large":false,"1536x1536":false,"2048x2048":false},"uagb_author_info":{"display_name":"Janek","author_link":"https:\/\/iluteenusedparnus.com\/fi\/author\/janek\/"},"uagb_comment_info":0,"uagb_excerpt":"Tutustu uudenlaiseen kauneuskonseptiin, jossa yhdistyv\u00e4t ammattimaisuus, tae luonnollisuudesta, nautinnollisuus ja vahva sitoutuminen ymp\u00e4rist\u00f6n kunnioittamiseen. Hoidoissa otetaan huomioon ihosi tarpeet ja jokainen hoito r\u00e4\u00e4t\u00e4l\u00f6id\u00e4\u00e4n juuri sinulle sopivaksi. Hoitolamme tarjoaa monipuolisia kosmetologi-hoitoja sek\u00e4 naisille ett\u00e4 miehille. Kasvon-,kaulan-ja decolletee alueen hieronta Klassinen kasvohoito ihotyypin mukaisesti (Kasvohoitomme suunnitellaan t\u00e4ysin ihosi kunnon ja toiveittesi mukaan) Kasvohoito stressi\u00e4vastaan \u2013sis. porkkana ja&hellip;","_links":{"self":[{"href":"https:\/\/iluteenusedparnus.com\/fi\/wp-json\/wp\/v2\/pages\/237","targetHints":{"allow":["GET"]}}],"collection":[{"href":"https:\/\/iluteenusedparnus.com\/fi\/wp-json\/wp\/v2\/pages"}],"about":[{"href":"https:\/\/iluteenusedparnus.com\/fi\/wp-json\/wp\/v2\/types\/page"}],"author":[{"embeddable":true,"href":"https:\/\/iluteenusedparnus.com\/fi\/wp-json\/wp\/v2\/users\/6"}],"replies":[{"embeddable":true,"href":"https:\/\/iluteenusedparnus.com\/fi\/wp-json\/wp\/v2\/comments?post=237"}],"version-history":[{"count":5,"href":"https:\/\/iluteenusedparnus.com\/fi\/wp-json\/wp\/v2\/pages\/237\/revisions"}],"predecessor-version":[{"id":334,"href":"https:\/\/iluteenusedparnus.com\/fi\/wp-json\/wp\/v2\/pages\/237\/revisions\/334"}],"wp:attachment":[{"href":"https:\/\/iluteenusedparnus.com\/fi\/wp-json\/wp\/v2\/media?parent=237"}],"curies":[{"name":"wp","href":"https:\/\/api.w.org\/{rel}","templated":true}]}}